{"id":91,"date":"2024-05-07T18:09:22","date_gmt":"2024-05-07T16:09:22","guid":{"rendered":"https:\/\/scavorecuperi.it\/?page_id=91"},"modified":"2024-06-01T15:14:29","modified_gmt":"2024-06-01T13:14:29","slug":"home","status":"publish","type":"page","link":"https:\/\/scavorecuperi.it\/","title":{"rendered":"Home"},"content":{"rendered":"<p>[et_pb_section fb_built=&#8221;1&#8243; admin_label=&#8221;Header&#8221; _builder_version=&#8221;4.25.0&#8243; _module_preset=&#8221;default&#8221; use_background_color_gradient=&#8221;on&#8221; background_color_gradient_stops=&#8221;#f2f0eb 0%|rgba(242,240,235,0) 100%&#8221; background_color_gradient_overlays_image=&#8221;on&#8221; background_image=&#8221;https:\/\/scavorecuperi.it\/wp-content\/uploads\/2024\/05\/1.jpg&#8221; parallax=&#8221;on&#8221; custom_padding=&#8221;8vw||20vw||false|false&#8221; border_radii=&#8221;off|||3vw|3vw&#8221; collapsed=&#8221;on&#8221; global_colors_info=&#8221;{}&#8221;][et_pb_row _builder_version=&#8221;4.24.0&#8243; _module_preset=&#8221;default&#8221; max_width=&#8221;1800px&#8221; global_colors_info=&#8221;{}&#8221;][et_pb_column type=&#8221;4_4&#8243; _builder_version=&#8221;4.22.0&#8243; _module_preset=&#8221;default&#8221; global_colors_info=&#8221;{}&#8221;][et_pb_text _builder_version=&#8221;4.25.0&#8243; _module_preset=&#8221;abbd0eea-1a1e-4caf-88f8-94e35e52e9c3&#8243; text_font=&#8221;Alata||||||||&#8221; max_width=&#8221;1440px&#8221; custom_margin=&#8221;||10px||false|false&#8221; global_colors_info=&#8221;{}&#8221;]<\/p>\n<h1>G.N.S. srl<\/h1>\n<p>&nbsp;<\/p>\n<p>[\/et_pb_text][et_pb_text _builder_version=&#8221;4.24.0&#8243; _module_preset=&#8221;7c71ec43-5a82-4e5e-92be-f6890ed3888b&#8221; text_text_color=&#8221;gcid-2490e176-5733-4f77-b033-d0b72133e372&#8243; max_width=&#8221;1440px&#8221; global_colors_info=&#8221;{%22gcid-2490e176-5733-4f77-b033-d0b72133e372%22:%91%22text_text_color%22%93}&#8221;]<\/p>\n<h4>DIVISIONE ECOLOGY<\/h4>\n<p>[\/et_pb_text][\/et_pb_column][\/et_pb_row][\/et_pb_section][et_pb_section fb_built=&#8221;1&#8243; _builder_version=&#8221;4.25.1&#8243; _module_preset=&#8221;default&#8221; global_colors_info=&#8221;{}&#8221;][et_pb_row _builder_version=&#8221;4.25.1&#8243; _module_preset=&#8221;default&#8221; global_colors_info=&#8221;{}&#8221;][et_pb_column type=&#8221;4_4&#8243; _builder_version=&#8221;4.25.1&#8243; _module_preset=&#8221;default&#8221; global_colors_info=&#8221;{}&#8221;][et_pb_text _builder_version=&#8221;4.25.1&#8243; _module_preset=&#8221;default&#8221; hover_enabled=&#8221;0&#8243; text_font_size_tablet=&#8221;8px&#8221; text_font_size_phone=&#8221;5px&#8221; text_font_size_last_edited=&#8221;on|tablet&#8221; global_colors_info=&#8221;{}&#8221; sticky_enabled=&#8221;0&#8243;]<\/p>\n<h5 style=\"text-align: center;\"><span style=\"font-size: large;\">Il nostro obiettivo \u00e8 quello di rispondere alle <\/span><\/h5>\n<h5 style=\"text-align: center;\"><span style=\"font-size: large;\">Vostre richieste <\/span><\/h5>\n<h5 style=\"text-align: center;\"><span style=\"font-size: large;\">in modo efficiente e con professionalit\u00e0, <\/span><\/h5>\n<h5 style=\"text-align: center;\"><span style=\"font-size: large;\">seguendo tutti gli standard di qualit\u00e0 <\/span><\/h5>\n<h5 style=\"text-align: center;\"><span style=\"font-size: large;\">nel rispetto della normativa.<\/span><\/h5>\n<p>[\/et_pb_text][\/et_pb_column][\/et_pb_row][\/et_pb_section][et_pb_section fb_built=&#8221;1&#8243; admin_label=&#8221;About&#8221; _builder_version=&#8221;4.25.1&#8243; _module_preset=&#8221;default&#8221; background_image=&#8221;https:\/\/scavorecuperi.it\/wp-content\/uploads\/2024\/05\/magazzino.jpeg&#8221; collapsed=&#8221;on&#8221; global_colors_info=&#8221;{}&#8221;][et_pb_row _builder_version=&#8221;4.24.0&#8243; _module_preset=&#8221;default&#8221; max_width=&#8221;1800px&#8221; global_colors_info=&#8221;{}&#8221;][et_pb_column type=&#8221;4_4&#8243; _builder_version=&#8221;4.22.0&#8243; _module_preset=&#8221;default&#8221; global_colors_info=&#8221;{}&#8221;][et_pb_text _builder_version=&#8221;4.25.1&#8243; _module_preset=&#8221;default&#8221; custom_padding=&#8221;||430px|||&#8221; global_colors_info=&#8221;{}&#8221;][\/et_pb_text][\/et_pb_column][\/et_pb_row][\/et_pb_section]<\/p>\n","protected":false},"excerpt":{"rendered":"<p>G.N.S. srl &nbsp;DIVISIONE ECOLOGYIl nostro obiettivo \u00e8 quello di rispondere alle Vostre richieste in modo efficiente e con professionalit\u00e0, seguendo tutti gli standard di qualit\u00e0 nel rispetto della normativa.<\/p>\n","protected":false},"author":1,"featured_media":0,"parent":0,"menu_order":0,"comment_status":"closed","ping_status":"closed","template":"","meta":{"_et_pb_use_builder":"on","_et_pb_old_content":"<!-- wp:paragraph -->\n<p>ciao<\/p>\n<!-- \/wp:paragraph -->","_et_gb_content_width":"","footnotes":""},"class_list":["post-91","page","type-page","status-publish","hentry"],"_links":{"self":[{"href":"https:\/\/scavorecuperi.it\/index.php?rest_route=\/wp\/v2\/pages\/91","targetHints":{"allow":["GET"]}}],"collection":[{"href":"https:\/\/scavorecuperi.it\/index.php?rest_route=\/wp\/v2\/pages"}],"about":[{"href":"https:\/\/scavorecuperi.it\/index.php?rest_route=\/wp\/v2\/types\/page"}],"author":[{"embeddable":true,"href":"https:\/\/scavorecuperi.it\/index.php?rest_route=\/wp\/v2\/users\/1"}],"replies":[{"embeddable":true,"href":"https:\/\/scavorecuperi.it\/index.php?rest_route=%2Fwp%2Fv2%2Fcomments&post=91"}],"version-history":[{"count":31,"href":"https:\/\/scavorecuperi.it\/index.php?rest_route=\/wp\/v2\/pages\/91\/revisions"}],"predecessor-version":[{"id":433,"href":"https:\/\/scavorecuperi.it\/index.php?rest_route=\/wp\/v2\/pages\/91\/revisions\/433"}],"wp:attachment":[{"href":"https:\/\/scavorecuperi.it\/index.php?rest_route=%2Fwp%2Fv2%2Fmedia&parent=91"}],"curies":[{"name":"wp","href":"https:\/\/api.w.org\/{rel}","templated":true}]}}